{"id":799,"date":"2015-11-23T09:32:46","date_gmt":"2015-11-23T08:32:46","guid":{"rendered":"http:\/\/www.leflourou.com\/it\/?page_id=799"},"modified":"2021-04-15T14:41:32","modified_gmt":"2021-04-15T13:41:32","slug":"lagriturismo","status":"publish","type":"page","link":"https:\/\/www.leflourou.com\/it\/lagriturismo\/","title":{"rendered":"L'Agriturismo"},"content":{"rendered":"<p>30 anni di fedele servizio.<br \/>\n\u00c8 da tutto questo tempo che il Flourou vi offre vitto e alloggio !<br \/>\nEppure sembra ieri quando quest'idea germogli\u00f2 per accogliervi a braccia aperte.<br \/>\nMa vi avvertiamo !<br \/>\nSiete ovviamente i <strong>benvenuti<\/strong>... ma i padroni di casa vi sorprenderanno un po', quindi non stupitevi se una volta entrati, dopo una bella stretta di mano e dopo aver scambiato due chiacchiere amichevoli vi intimeranno di togliervi le scarpe, e poi ?<br \/>\nChe farete ? vi ribellerete ? Starete zitti ?<br \/>\nDa questo momento in poi, capirete che coloro che vi hanno accolto, se non sono dietro ai fornelli a preparare <strong>un ottimo pranzetto<\/strong>, si trasformano, uno alla volta, in Cenerentola delle Alpi, in Cosetta delle alture e quando non cucinano, lucidano e sfregano e strofinano scale, pavimenti e fanno brillare quelli che una volta si chiamavano luoghi di decenza !<br \/>\nBene,\u00a0parliamo un po' di cucina! Poich\u00e8, modestamente, le Flourou ha scelto, e ormai da molto tempo, i prodotti di qualit\u00e0 offerti dai contadini delle Alpi, <strong>biologici e freschi<\/strong>. E cos\u00ec, i piatti li cuciniamo noi, quindi, promesso, non troverete n\u00e9 pomodori e n\u00e9 zucchine in inverno e niente arance in estate\u00a0!<br \/>\nMa ora, rilassatevi, \u00e8 tempo di vacanze! Tutto andr\u00e0 alla grande\u00a0! abbiamo anche la connessione \"why fight\"... per\u00f2 potreste pure staccare la spina e parlarvi in diretta ... ah.. scusate se <strong>non c\u2019\u00e8 la TV <\/strong>!\u00a0 Al suo posto per\u00f2 troverete : giochi, fumetti e tanto altro\u2026 ce la farete a sopravvivere ?<br \/>\nAffilate gli sci e lanciatevi nell'inverno oppure addentratevi nel sentiero che si apre davanti a voi.<\/p>\n","protected":false},"excerpt":{"rendered":"<p class=\"excerpt\">30 anni di fedele servizio. \u00c8 da tutto questo tempo che il Flourou vi offre vitto e alloggio ! Eppure sembra ieri quando quest&#8217;idea germogli\u00f2 per accogliervi a braccia aperte. Ma vi avvertiamo ! Siete ovviamente i benvenuti&#8230; ma i padroni di casa vi sorprenderanno un po&#8217;, quindi non stupitevi se una volta entrati, dopo [&hellip;]<\/p>\n","protected":false},"author":1,"featured_media":1163,"parent":0,"menu_order":6,"comment_status":"open","ping_status":"open","template":"page-templates\/le-gite.php","meta":[],"aioseo_notices":[],"_links":{"self":[{"href":"https:\/\/www.leflourou.com\/it\/wp-json\/wp\/v2\/pages\/799"}],"collection":[{"href":"https:\/\/www.leflourou.com\/it\/wp-json\/wp\/v2\/pages"}],"about":[{"href":"https:\/\/www.leflourou.com\/it\/wp-json\/wp\/v2\/types\/page"}],"author":[{"embeddable":true,"href":"https:\/\/www.leflourou.com\/it\/wp-json\/wp\/v2\/users\/1"}],"replies":[{"embeddable":true,"href":"https:\/\/www.leflourou.com\/it\/wp-json\/wp\/v2\/comments?post=799"}],"version-history":[{"count":5,"href":"https:\/\/www.leflourou.com\/it\/wp-json\/wp\/v2\/pages\/799\/revisions"}],"predecessor-version":[{"id":1064,"href":"https:\/\/www.leflourou.com\/it\/wp-json\/wp\/v2\/pages\/799\/revisions\/1064"}],"wp:featuredmedia":[{"embeddable":true,"href":"https:\/\/www.leflourou.com\/it\/wp-json\/wp\/v2\/media\/1163"}],"wp:attachment":[{"href":"https:\/\/www.leflourou.com\/it\/wp-json\/wp\/v2\/media?parent=799"}],"curies":[{"name":"wp","href":"https:\/\/api.w.org\/{rel}","templated":true}]}}