{"id":805,"date":"2015-11-23T09:36:20","date_gmt":"2015-11-23T08:36:20","guid":{"rendered":"http:\/\/www.leflourou.com\/it\/?page_id=805"},"modified":"2015-11-23T16:54:07","modified_gmt":"2015-11-23T15:54:07","slug":"contatti","status":"publish","type":"page","link":"https:\/\/www.leflourou.com\/it\/contatti\/","title":{"rendered":"Contatti"},"content":{"rendered":"<p><span lang=\"it-IT\">Allora, per orientarvi: il centro del mondo, \u00e8 il Flourou !<\/span><\/p>\n<p><span lang=\"it-IT\">Poi, intorno si trova il paese di Mon\u00eatier-les-Bains con al centro della valle il fiume della Guisane e sui pendii nord, la stazione sciistica di Serre Chevalier.<\/span><\/p>\n<p><span lang=\"it-IT\">Se ci si allontana un po', troviamo Brian\u00e7on, le sue roccaforti e la citt\u00e0 vecchia. Tutto ci\u00f2, si trova in alto a sinistra di una provincia che non ha nulla a che vedere con la Savoia, no, no, no... Si chiamano Hautes Alpes, proprio perch\u00e9 prima che la Savoia diventasse francese, NOI eravamo le montagne pi\u00f9 alte di tutta la Francia, eh s\u00ec! Con la barre des Ecrins a 4102 m di altitudine e ci chiedono pure se nevica nelle Alpi del Sud...certo che s\u00ec, mio caro signore! <\/span><\/p>\n<p><span lang=\"it-IT\">Se ci allontaniamo ancora un po', troveremo Gap, capoluogo di provincia...?! S\u00ec, lo so, in inglese Gap vuol dire \"buco\" ma qui \u00e8 la pi\u00f9 grande citt\u00e0 della provincia e se andiamo ancora pi\u00f9 lontano, troveremo delle citt\u00e0 come Marsiglia, Torino, Lione, Grenoble. Ah ! Scusate, stavo per dimenticare Parigi! Sono cos\u00ec fuorimano queste citt\u00e0 ... pfff, si scordano facilmente! Ok, quindi, dopo non penso che ci sia il nulla e che la Terra sia piatta ma credo che quello che c'\u00e8 dopo si chiami estero! Fa un po' paura, ma noi non temiamo nulla. Proprio per questo parliamo Inglese, Italiano, Tedesco, a gesti e per le altre lingue ci arrangiamo farfugliando!<\/span><\/p>\n<p><span lang=\"it-IT\">Poi, se non avete capito tutto, c'\u00e8 sempre google maps! Basta digitare \" le Flourou \" o anche \" le Mon\u00eatier les Bains\", va bene... So long, a presto, bis bald !<\/span><\/p>\n","protected":false},"excerpt":{"rendered":"<p class=\"excerpt\">Allora, per orientarvi: il centro del mondo, \u00e8 il Flourou ! Poi, intorno si trova il paese di Mon\u00eatier-les-Bains con al centro della valle il fiume della Guisane e sui pendii nord, la stazione sciistica di Serre Chevalier. Se ci si allontana un po&#8217;, troviamo Brian\u00e7on, le sue roccaforti e la citt\u00e0 vecchia. Tutto ci\u00f2, [&hellip;]<\/p>\n","protected":false},"author":1,"featured_media":488,"parent":0,"menu_order":20,"comment_status":"open","ping_status":"open","template":"page-templates\/contact.php","meta":[],"aioseo_notices":[],"_links":{"self":[{"href":"https:\/\/www.leflourou.com\/it\/wp-json\/wp\/v2\/pages\/805"}],"collection":[{"href":"https:\/\/www.leflourou.com\/it\/wp-json\/wp\/v2\/pages"}],"about":[{"href":"https:\/\/www.leflourou.com\/it\/wp-json\/wp\/v2\/types\/page"}],"author":[{"embeddable":true,"href":"https:\/\/www.leflourou.com\/it\/wp-json\/wp\/v2\/users\/1"}],"replies":[{"embeddable":true,"href":"https:\/\/www.leflourou.com\/it\/wp-json\/wp\/v2\/comments?post=805"}],"version-history":[{"count":3,"href":"https:\/\/www.leflourou.com\/it\/wp-json\/wp\/v2\/pages\/805\/revisions"}],"predecessor-version":[{"id":843,"href":"https:\/\/www.leflourou.com\/it\/wp-json\/wp\/v2\/pages\/805\/revisions\/843"}],"wp:featuredmedia":[{"embeddable":true,"href":"https:\/\/www.leflourou.com\/it\/wp-json\/wp\/v2\/media\/488"}],"wp:attachment":[{"href":"https:\/\/www.leflourou.com\/it\/wp-json\/wp\/v2\/media?parent=805"}],"curies":[{"name":"wp","href":"https:\/\/api.w.org\/{rel}","templated":true}]}}